{"id":31,"date":"2025-04-14T05:40:49","date_gmt":"2025-04-14T05:40:49","guid":{"rendered":"https:\/\/www.fabiangiles.com\/V5.1\/?page_id=31"},"modified":"2025-04-25T03:43:28","modified_gmt":"2025-04-25T03:43:28","slug":"digital","status":"publish","type":"page","link":"http:\/\/www.fabiangiles.com\/V5.1\/digital\/","title":{"rendered":"DIGITAL"},"content":{"rendered":"\n<p><em>Since 1995, with the first generations of Macintosh computers that arrived in Mexico, I have been doing design and art, working with Adobe Photoshop 3.0, editing images and photographs to experiment with web design, electronic art, and digital photomontages.<\/em><\/p>\n\n\n<div class=\"wp-block-image\">\n<figure class=\"aligncenter size-full is-resized\"><img loading=\"lazy\" decoding=\"async\" width=\"562\" height=\"545\" src=\"https:\/\/www.fabiangiles.com\/V5.1\/wp-content\/uploads\/2025\/04\/FABIANGILES2D.png\" alt=\"\" class=\"wp-image-205\" style=\"width:52px;height:auto\" srcset=\"http:\/\/www.fabiangiles.com\/V5.1\/wp-content\/uploads\/2025\/04\/FABIANGILES2D.png 562w, http:\/\/www.fabiangiles.com\/V5.1\/wp-content\/uploads\/2025\/04\/FABIANGILES2D-300x291.png 300w\" sizes=\"auto, (max-width: 562px) 100vw, 562px\" \/><\/figure>\n<\/div>\n\n\n<p>Desde 1995 con las primeras generaciones de computadoras <em>Macintosh<\/em> que llegaron a M\u00e9xico he realizado dise\u00f1o y arte trabajando con Adobe Photoshop 3..0 la edici\u00f3n de im\u00e1genes y fotograf\u00edas para experimentar con el Dise\u00f1o web, el arte electr\u00f3nico y los fotomontajes digitales.<\/p>\n\n\n\n<div class=\"wp-block-columns is-layout-flex wp-container-core-columns-is-layout-9d6595d7 wp-block-columns-is-layout-flex\">\n<div class=\"wp-block-column is-layout-flow wp-block-column-is-layout-flow\"><div class=\"wp-block-image\">\n<figure class=\"aligncenter size-full is-resized\"><a href=\"https:\/\/www.behance.net\/FabianGiles\"><img loading=\"lazy\" decoding=\"async\" width=\"300\" height=\"300\" src=\"https:\/\/www.fabiangiles.com\/V5.1\/wp-content\/uploads\/2025\/04\/behance-logo-1373E40919-seeklogo.com_.png\" alt=\"\" class=\"wp-image-835\" style=\"width:253px;height:auto\" srcset=\"http:\/\/www.fabiangiles.com\/V5.1\/wp-content\/uploads\/2025\/04\/behance-logo-1373E40919-seeklogo.com_.png 300w, http:\/\/www.fabiangiles.com\/V5.1\/wp-content\/uploads\/2025\/04\/behance-logo-1373E40919-seeklogo.com_-150x150.png 150w, http:\/\/www.fabiangiles.com\/V5.1\/wp-content\/uploads\/2025\/04\/behance-logo-1373E40919-seeklogo.com_-100x100.png 100w\" sizes=\"auto, (max-width: 300px) 100vw, 300px\" \/><\/a><\/figure>\n<\/div><\/div>\n\n\n\n<div class=\"wp-block-column is-layout-flow wp-block-column-is-layout-flow\">\n<p><br><em>To learn more about the digital design and illustration work, visit the gallery on the <strong><a href=\"https:\/\/www.behance.net\/FabianGiles\"><mark style=\"background-color:rgba(0, 0, 0, 0)\" class=\"has-inline-color has-vivid-cyan-blue-color\">Behance<\/mark><\/a><\/strong> profile.<\/em><\/p>\n\n\n\n<p>Para conocer m\u00e1s sobre el trabajo de dise\u00f1o e ilustraci\u00f3n digital visiten la galeria en el perfil de <a href=\"https:\/\/www.behance.net\/FabianGiles\"><strong><mark style=\"background-color:rgba(0, 0, 0, 0)\" class=\"has-inline-color has-vivid-cyan-blue-color\">Behance<\/mark><\/strong><\/a><\/p>\n<\/div>\n<\/div>\n\n\n<div class=\"wp-block-image\">\n<figure class=\"aligncenter size-full is-resized\"><img loading=\"lazy\" decoding=\"async\" width=\"562\" height=\"545\" src=\"https:\/\/www.fabiangiles.com\/V5.1\/wp-content\/uploads\/2025\/04\/FABIANGILES2D.png\" alt=\"\" class=\"wp-image-205\" style=\"width:52px;height:auto\" srcset=\"http:\/\/www.fabiangiles.com\/V5.1\/wp-content\/uploads\/2025\/04\/FABIANGILES2D.png 562w, http:\/\/www.fabiangiles.com\/V5.1\/wp-content\/uploads\/2025\/04\/FABIANGILES2D-300x291.png 300w\" sizes=\"auto, (max-width: 562px) 100vw, 562px\" \/><\/figure>\n<\/div>\n\n\n<h4 class=\"wp-block-heading\"><mark style=\"background-color:rgba(0, 0, 0, 0)\" class=\"has-inline-color has-black-color\">EBOOKS<\/mark><\/h4>\n\n\n\n<figure class=\"wp-block-image size-large\"><a href=\"https:\/\/www.fabiangiles.com\/V5.1\/digital\/ebooks-2\/\"><img loading=\"lazy\" decoding=\"async\" width=\"1024\" height=\"542\" src=\"https:\/\/www.fabiangiles.com\/V5.1\/wp-content\/uploads\/2025\/04\/ebooks-1024x542.png\" alt=\"\" class=\"wp-image-856\" srcset=\"http:\/\/www.fabiangiles.com\/V5.1\/wp-content\/uploads\/2025\/04\/ebooks-1024x542.png 1024w, http:\/\/www.fabiangiles.com\/V5.1\/wp-content\/uploads\/2025\/04\/ebooks-300x159.png 300w, http:\/\/www.fabiangiles.com\/V5.1\/wp-content\/uploads\/2025\/04\/ebooks-768x406.png 768w, http:\/\/www.fabiangiles.com\/V5.1\/wp-content\/uploads\/2025\/04\/ebooks.png 1280w\" sizes=\"auto, (max-width: 767px) 89vw, (max-width: 1000px) 54vw, (max-width: 1071px) 543px, 580px\" \/><\/a><\/figure>\n\n\n\n<p><em>Since 2013 recents self published <a href=\"https:\/\/www.fabiangiles.com\/V5.1\/digital\/ebooks-2\/\" data-type=\"page\" data-id=\"934\"><strong><mark style=\"background-color:rgba(0, 0, 0, 0)\" class=\"has-inline-color has-luminous-vivid-orange-color\">ebooks<\/mark><\/strong> <\/a> about diferent themes<\/em> \/<\/p>\n\n\n<div class=\"wp-block-image\">\n<figure class=\"aligncenter size-full is-resized\"><img loading=\"lazy\" decoding=\"async\" width=\"562\" height=\"545\" src=\"https:\/\/www.fabiangiles.com\/V5.1\/wp-content\/uploads\/2025\/04\/FABIANGILES2D.png\" alt=\"\" class=\"wp-image-205\" style=\"width:52px;height:auto\" srcset=\"http:\/\/www.fabiangiles.com\/V5.1\/wp-content\/uploads\/2025\/04\/FABIANGILES2D.png 562w, http:\/\/www.fabiangiles.com\/V5.1\/wp-content\/uploads\/2025\/04\/FABIANGILES2D-300x291.png 300w\" sizes=\"auto, (max-width: 562px) 100vw, 562px\" \/><\/figure>\n<\/div>\n\n\n<p><br>Desde 2013 los m\u00e1s recientes <strong><a href=\"https:\/\/www.fabiangiles.com\/V5.1\/digital\/ebooks-2\/\" data-type=\"page\" data-id=\"934\"><mark style=\"background-color:rgba(0, 0, 0, 0)\" class=\"has-inline-color has-luminous-vivid-orange-color\">libros electr\u00f3nicos<\/mark><\/a><\/strong> auto publicados sobre sobre diferentes temas.<\/p>\n\n\n\n<p><mark style=\"background-color:rgba(0, 0, 0, 0)\" class=\"has-inline-color has-black-color\"><strong><em>Available<\/em> \/ Disponibles en<\/strong> <\/mark><\/p>\n\n\n\n<div class=\"wp-block-columns is-layout-flex wp-container-core-columns-is-layout-9d6595d7 wp-block-columns-is-layout-flex\">\n<div class=\"wp-block-column is-layout-flow wp-block-column-is-layout-flow\"><div class=\"wp-block-image\">\n<figure class=\"aligncenter size-full\"><a href=\"https:\/\/books.apple.com\/mx\/author\/fabi%C3%A1n-giles\/id735939625?see-all=books\"><img loading=\"lazy\" decoding=\"async\" width=\"225\" height=\"109\" src=\"https:\/\/www.fabiangiles.com\/V5.1\/wp-content\/uploads\/2025\/04\/apple-books1-1.png\" alt=\"\" class=\"wp-image-866\"\/><\/a><\/figure>\n<\/div><\/div>\n\n\n\n<div class=\"wp-block-column is-layout-flow wp-block-column-is-layout-flow\"><div class=\"wp-block-image\">\n<figure class=\"aligncenter size-full\"><a href=\"https:\/\/www.amazon.com.mx\/stores\/Fabian-Giles\/author\/B00FID2656\/allbooks?ref=ap_rdr&amp;isDramIntegrated=true&amp;shoppingPortalEnabled=true\"><img loading=\"lazy\" decoding=\"async\" width=\"300\" height=\"168\" src=\"https:\/\/www.fabiangiles.com\/V5.1\/wp-content\/uploads\/2025\/04\/amazonkindle.png\" alt=\"\" class=\"wp-image-858\"\/><\/a><\/figure>\n<\/div><\/div>\n\n\n\n<div class=\"wp-block-column is-layout-flow wp-block-column-is-layout-flow\"><div class=\"wp-block-image\">\n<figure class=\"aligncenter size-full\"><a href=\"https:\/\/play.google.com\/store\/search?q=fabian%20giles&amp;c=books\"><img loading=\"lazy\" decoding=\"async\" width=\"300\" height=\"168\" src=\"https:\/\/www.fabiangiles.com\/V5.1\/wp-content\/uploads\/2025\/04\/GooglePlay.png\" alt=\"\" class=\"wp-image-859\"\/><\/a><\/figure>\n<\/div><\/div>\n<\/div>\n","protected":false},"excerpt":{"rendered":"<p>Since 1995, with the first generations of Macintosh computers that arrived in Mexico, I have been doing design and art, working with Adobe Photoshop 3.0, editing images and photographs to experiment with web design, electronic art, and digital photomontages. Desde 1995 con las primeras generaciones de computadoras Macintosh que llegaron a M\u00e9xico he realizado dise\u00f1o &hellip; <\/p>\n<p class=\"link-more\"><a href=\"http:\/\/www.fabiangiles.com\/V5.1\/digital\/\" class=\"more-link\">Continue reading<span class=\"screen-reader-text\"> &#8220;DIGITAL&#8221;<\/span><\/a><\/p>\n","protected":false},"author":1,"featured_media":23,"parent":0,"menu_order":0,"comment_status":"closed","ping_status":"closed","template":"","meta":{"footnotes":""},"class_list":["post-31","page","type-page","status-publish","has-post-thumbnail","hentry"],"_links":{"self":[{"href":"http:\/\/www.fabiangiles.com\/V5.1\/wp-json\/wp\/v2\/pages\/31","targetHints":{"allow":["GET"]}}],"collection":[{"href":"http:\/\/www.fabiangiles.com\/V5.1\/wp-json\/wp\/v2\/pages"}],"about":[{"href":"http:\/\/www.fabiangiles.com\/V5.1\/wp-json\/wp\/v2\/types\/page"}],"author":[{"embeddable":true,"href":"http:\/\/www.fabiangiles.com\/V5.1\/wp-json\/wp\/v2\/users\/1"}],"replies":[{"embeddable":true,"href":"http:\/\/www.fabiangiles.com\/V5.1\/wp-json\/wp\/v2\/comments?post=31"}],"version-history":[{"count":24,"href":"http:\/\/www.fabiangiles.com\/V5.1\/wp-json\/wp\/v2\/pages\/31\/revisions"}],"predecessor-version":[{"id":949,"href":"http:\/\/www.fabiangiles.com\/V5.1\/wp-json\/wp\/v2\/pages\/31\/revisions\/949"}],"wp:featuredmedia":[{"embeddable":true,"href":"http:\/\/www.fabiangiles.com\/V5.1\/wp-json\/wp\/v2\/media\/23"}],"wp:attachment":[{"href":"http:\/\/www.fabiangiles.com\/V5.1\/wp-json\/wp\/v2\/media?parent=31"}],"curies":[{"name":"wp","href":"https:\/\/api.w.org\/{rel}","templated":true}]}}